{"id":41,"date":"2024-11-14T09:16:09","date_gmt":"2024-11-14T09:16:09","guid":{"rendered":"https:\/\/sandrawiniger.ch\/?page_id=41"},"modified":"2025-05-29T07:01:06","modified_gmt":"2025-05-29T07:01:06","slug":"kontakt","status":"publish","type":"page","link":"https:\/\/sandrawiniger.ch\/?page_id=41","title":{"rendered":"Kontakt"},"content":{"rendered":"\n<p class=\"has-text-align-center\">Suchst du eine Fotografin, die die sch\u00f6nsten Momente deines Events festh\u00e4lt? <br>Oder brauchst du ein aktuelles Portrait f\u00fcr deine Bewerbung oder neue Fotos f\u00fcr deine Webseite?<br>Hast du Lust auf ein ganz spezielles Shooting oder m\u00f6chtest du mehr \u00fcber Fotografie wissen und deine Kamera besser kennenlernen?<\/p>\n\n\n\n<div class=\"wp-block-group\"><div class=\"wp-block-group__inner-container is-layout-constrained wp-block-group-is-layout-constrained\">\n<p class=\"has-text-align-center\">Dann bist du bei mir richtig.<br><br>Ich liebe es, die sch\u00f6nsten Momente eines Anlasses mit der Kamera festzuhalten, dir die verschiedenen Varianten deiner Selbst in Bildern zu zeigen oder verr\u00fcckte Ideen umzusetzen. <br>F\u00fcr mich ist Leben lernen und wenn es dir auch so geht, zeige ich dir gerne, wie du mit deiner Kamera tolle Bilder erstellst oder gebe dir alles, was ich \u00fcber die Bildbearbeitung in Lightroom und Photoshop weiss, weiter. <br><br>Ruf mich einfach an, schreib eine Nachricht auf Whatsapp oder per Mail und wer weiss, vielleicht sehen wir uns bald.<\/p>\n\n\n\n<p class=\"has-text-align-center\">Tel:&nbsp;+41 (0)76 327 08 90&nbsp;<\/p>\n\n\n\n<p class=\"has-text-align-center\">E-Mail:&nbsp;<a href=\"mailto:sandra.winiger@me.com?subject=Kontakt\">sandra.winiger@me.com<\/a><\/p>\n<\/div><\/div>\n\n\n\n<p>\u200b<\/p>\n\n\n\n<div class=\"wp-block-columns is-layout-flex wp-container-core-columns-is-layout-9d6595d7 wp-block-columns-is-layout-flex\">\n<div class=\"wp-block-column is-layout-flow wp-block-column-is-layout-flow\"><\/div>\n\n\n\n<div class=\"wp-block-column is-layout-flow wp-block-column-is-layout-flow\">\n<div class=\"wp-block-bookly-form\"><!--\nPlugin Name: Bookly \u2013 Responsive WordPress Appointment Booking and Scheduling Plugin\nPlugin URI: https:\/\/www.booking-wp-plugin.com\/?utm_source=bookly_admin&utm_medium=plugins_page&utm_campaign=plugins_page\nVersion: 24.9-->\n<style type=\"text\/css\">\n    :root {\n        --bookly-main-color: #f4662f !important;\n        --bookly-color: #f4662f !important;\n    }\n\n    <\/style><div class=\"bookly-css-root\">\n    <div id=\"bookly-form-69ec9fc74f836\" class=\"bookly-form\" data-form_id=\"69ec9fc74f836\" aria-live=\"polite\">\n        <div style=\"text-align: center\"><img decoding=\"async\" src=\"https:\/\/sandrawiniger.ch\/wp-includes\/js\/tinymce\/skins\/lightgray\/img\/loader.gif\" alt=\"Wird geladen ...\"\/><\/div>\n    <\/div>\n<\/div>\n<script type=\"text\/javascript\">\n    (function (win, fn) {\n        var done = false, top = true,\n            doc = win.document,\n            root = doc.documentElement,\n            modern = doc.addEventListener,\n            add = modern ? 'addEventListener' : 'attachEvent',\n            rem = modern ? 'removeEventListener' : 'detachEvent',\n            pre = modern ? '' : 'on',\n            init = function (e) {\n                if (e.type == 'readystatechange') if (doc.readyState != 'complete') return;\n                (e.type == 'load' ? win : doc)[rem](pre + e.type, init, false);\n                if (!done) {\n                    done = true;\n                    fn.call(win, e.type || e);\n                }\n            },\n            poll = function () {\n                try {\n                    root.doScroll('left');\n                } catch (e) {\n                    setTimeout(poll, 50);\n                    return;\n                }\n                init('poll');\n            };\n        if (doc.readyState == 'complete') fn.call(win, 'lazy');\n        else {\n            if (!modern) if (root.doScroll) {\n                try {\n                    top = !win.frameElement;\n                } catch (e) {\n                }\n                if (top) poll();\n            }\n            doc[add](pre + 'DOMContentLoaded', init, false);\n            doc[add](pre + 'readystatechange', init, false);\n            win[add](pre + 'load', init, false);\n        }\n    })(window, function () {\n        window.bookly( {\"form_id\":\"69ec9fc74f836\",\"status\":{\"booking\":\"new\"},\"skip_steps\":{\"service_part1\":0,\"service_part2\":0,\"extras\":1,\"time\":0,\"repeat\":1,\"cart\":1},\"errors\":{\"session_error\":\"Session-Fehler.\",\"form_id_error\":\"Formular-ID Fehler.\",\"cart_item_not_available\":\"Die eingestellte Zeit ist nicht mehr vorhanden. Bitte w\\u00e4hlen Sie ein anderes Zeitfenster\\n.\",\"pay_locally_not_available\":\"Vor Ort zahlen ist nicht verf\\u00fcgbar.\",\"invalid_gateway\":\"Ung\\u00fcltiger Zugang.\",\"payment_error\":\"Fehler.\",\"incorrect_username_password\":\"Der Benutzername oder das Passwort ist falsch.\"},\"form_attributes\":{\"hide_categories\":false,\"hide_services\":false,\"hide_staff_members\":false,\"show_number_of_persons\":false,\"hide_service_duration\":true,\"hide_locations\":true,\"hide_quantity\":true,\"hide_date\":false,\"hide_week_days\":false,\"hide_time_range\":false},\"use_client_time_zone\":0,\"defaults\":{\"service_id\":0,\"staff_id\":0,\"location_id\":0,\"category_id\":0},\"datepicker_mode\":\"text-accent\"} );\n    });\n<\/script><\/div>\n<\/div>\n\n\n\n<div class=\"wp-block-column is-layout-flow wp-block-column-is-layout-flow\"><\/div>\n<\/div>\n","protected":false},"excerpt":{"rendered":"<p>Suchst du eine Fotografin, die die sch\u00f6nsten Momente deines Events festh\u00e4lt? Oder brauchst du ein aktuelles Portrait f\u00fcr deine Bewerbung oder neue Fotos f\u00fcr deine Webseite?Hast du Lust auf ein ganz spezielles Shooting oder m\u00f6chtest du mehr \u00fcber Fotografie wissen und deine Kamera besser kennenlernen? Dann bist du bei mir richtig. Ich liebe es, die sch\u00f6nsten Momente eines Anlasses mit der Kamera festzuhalten, dir die verschiedenen Varianten deiner Selbst in Bildern zu zeigen oder verr\u00fcckte Ideen umzusetzen. F\u00fcr mich ist [&hellip;]<\/p>\n","protected":false},"author":1,"featured_media":0,"parent":0,"menu_order":40,"comment_status":"closed","ping_status":"closed","template":"","meta":{"footnotes":""},"class_list":["post-41","page","type-page","status-publish","hentry"],"_links":{"self":[{"href":"https:\/\/sandrawiniger.ch\/index.php?rest_route=\/wp\/v2\/pages\/41","targetHints":{"allow":["GET"]}}],"collection":[{"href":"https:\/\/sandrawiniger.ch\/index.php?rest_route=\/wp\/v2\/pages"}],"about":[{"href":"https:\/\/sandrawiniger.ch\/index.php?rest_route=\/wp\/v2\/types\/page"}],"author":[{"embeddable":true,"href":"https:\/\/sandrawiniger.ch\/index.php?rest_route=\/wp\/v2\/users\/1"}],"replies":[{"embeddable":true,"href":"https:\/\/sandrawiniger.ch\/index.php?rest_route=%2Fwp%2Fv2%2Fcomments&post=41"}],"version-history":[{"count":10,"href":"https:\/\/sandrawiniger.ch\/index.php?rest_route=\/wp\/v2\/pages\/41\/revisions"}],"predecessor-version":[{"id":347,"href":"https:\/\/sandrawiniger.ch\/index.php?rest_route=\/wp\/v2\/pages\/41\/revisions\/347"}],"wp:attachment":[{"href":"https:\/\/sandrawiniger.ch\/index.php?rest_route=%2Fwp%2Fv2%2Fmedia&parent=41"}],"curies":[{"name":"wp","href":"https:\/\/api.w.org\/{rel}","templated":true}]}}