{"id":28,"date":"2024-11-14T08:58:19","date_gmt":"2024-11-14T08:58:19","guid":{"rendered":"https:\/\/sandrawiniger.ch\/?page_id=28"},"modified":"2025-05-29T06:44:56","modified_gmt":"2025-05-29T06:44:56","slug":"portfolio","status":"publish","type":"page","link":"https:\/\/sandrawiniger.ch\/?page_id=28","title":{"rendered":"Portfolio"},"content":{"rendered":"\n<div class=\"wp-block-columns is-layout-flex wp-container-core-columns-is-layout-9d6595d7 wp-block-columns-is-layout-flex\">\n<div class=\"wp-block-column is-layout-flow wp-block-column-is-layout-flow\" style=\"flex-basis:100%\">\n<h2 class=\"wp-block-heading has-text-align-center\">Portfolio<\/h2>\n<\/div>\n<\/div>\n\n\n\n<div class=\"wp-block-columns is-layout-flex wp-container-core-columns-is-layout-9d6595d7 wp-block-columns-is-layout-flex\">\n<div class=\"wp-block-column is-layout-flow wp-block-column-is-layout-flow\"><\/div>\n\n\n\n<div class=\"wp-block-column is-layout-flow wp-block-column-is-layout-flow\">\n<div class=\"wp-block-columns alignfull is-layout-flex wp-container-core-columns-is-layout-9d6595d7 wp-block-columns-is-layout-flex\">\n<div class=\"wp-block-column is-layout-flow wp-block-column-is-layout-flow\"><\/div>\n\n\n\n<div class=\"wp-block-column is-layout-flow wp-block-column-is-layout-flow\">\n<p>Die Fotografie ist vielf\u00e4ltig. Meine Interessen daran ebenfalls. Aber am meisten interessieren mich Menschen und ihre Geschichten. Deshalb liebe ich die Portraitfotografie so sehr. <br>F\u00fcr Shootings steht ein \u00fcber 100qm grosses Fotostudio in Rapperswil zur Verf\u00fcgung und in meinem Auto ist immer ein mobiles Studioequipment f\u00fcr Shootings \u00abon location\u00bb dabei, so dass auch draussen oder bei dir zu Hause professionelle Headshots entstehen k\u00f6nnen. Ruf mich an oder schreibe mir per Whatsapp, damit wir deine Bildidee besprechen und dann nach deinen W\u00fcnsche umsetzen k\u00f6nnen.<\/p>\n<\/div>\n\n\n\n<div class=\"wp-block-column is-layout-flow wp-block-column-is-layout-flow\"><\/div>\n<\/div>\n<\/div>\n\n\n\n<div class=\"wp-block-column is-layout-flow wp-block-column-is-layout-flow\"><\/div>\n<\/div>\n\n\n\n<p class=\"has-text-align-center\"><\/p>\n\n\n\n<p><\/p>\n\n\n\n<div class=\"wp-block-columns is-layout-flex wp-container-core-columns-is-layout-9d6595d7 wp-block-columns-is-layout-flex\">\n<div class=\"wp-block-column is-layout-flow wp-block-column-is-layout-flow\"><\/div>\n\n\n\n<div class=\"wp-block-column is-layout-flow wp-block-column-is-layout-flow\"><\/div>\n\n\n\n<div class=\"wp-block-column is-layout-flow wp-block-column-is-layout-flow\"><\/div>\n<\/div>\n\n\n\n<div class=\"wp-block-columns alignfull is-layout-flex wp-container-core-columns-is-layout-9d6595d7 wp-block-columns-is-layout-flex\">\n<div class=\"wp-block-column is-layout-flow wp-block-column-is-layout-flow\">\n<div class=\"wp-block-cover is-light\"><img fetchpriority=\"high\" decoding=\"async\" width=\"720\" height=\"1080\" class=\"wp-block-cover__image-background wp-image-99\" alt=\"\" src=\"https:\/\/sandrawiniger.ch\/wp-content\/uploads\/2024\/11\/FCZ_Teaser_5-1.jpg\" data-object-fit=\"cover\" srcset=\"https:\/\/sandrawiniger.ch\/wp-content\/uploads\/2024\/11\/FCZ_Teaser_5-1.jpg 720w, https:\/\/sandrawiniger.ch\/wp-content\/uploads\/2024\/11\/FCZ_Teaser_5-1-200x300.jpg 200w, https:\/\/sandrawiniger.ch\/wp-content\/uploads\/2024\/11\/FCZ_Teaser_5-1-683x1024.jpg 683w\" sizes=\"(max-width: 720px) 100vw, 720px\" \/><span aria-hidden=\"true\" class=\"wp-block-cover__background has-background-dim\" style=\"background-color:#a39d9f\"><\/span><div class=\"wp-block-cover__inner-container is-layout-constrained wp-block-cover-is-layout-constrained\">\n<h2 class=\"wp-block-heading alignwide has-text-align-center has-large-font-size\"><a href=\"https:\/\/sandrawiniger.ch\/?page_id=84\" data-type=\"page\" data-id=\"84\">Portraits<\/a><\/h2>\n<\/div><\/div>\n<\/div>\n\n\n\n<div class=\"wp-block-column is-layout-flow wp-block-column-is-layout-flow\">\n<div class=\"wp-block-cover\"><img decoding=\"async\" width=\"1300\" height=\"731\" class=\"wp-block-cover__image-background wp-image-112\" alt=\"\" src=\"https:\/\/sandrawiniger.ch\/wp-content\/uploads\/2024\/11\/230504_Lichtblicke_SW_L8415-Bearbeitet.jpg\" data-object-fit=\"cover\" srcset=\"https:\/\/sandrawiniger.ch\/wp-content\/uploads\/2024\/11\/230504_Lichtblicke_SW_L8415-Bearbeitet.jpg 1300w, https:\/\/sandrawiniger.ch\/wp-content\/uploads\/2024\/11\/230504_Lichtblicke_SW_L8415-Bearbeitet-300x169.jpg 300w, https:\/\/sandrawiniger.ch\/wp-content\/uploads\/2024\/11\/230504_Lichtblicke_SW_L8415-Bearbeitet-1024x576.jpg 1024w, https:\/\/sandrawiniger.ch\/wp-content\/uploads\/2024\/11\/230504_Lichtblicke_SW_L8415-Bearbeitet-768x432.jpg 768w, https:\/\/sandrawiniger.ch\/wp-content\/uploads\/2024\/11\/230504_Lichtblicke_SW_L8415-Bearbeitet-800x450.jpg 800w\" sizes=\"(max-width: 1300px) 100vw, 1300px\" \/><span aria-hidden=\"true\" class=\"wp-block-cover__background has-background-dim\" style=\"background-color:#6c5c53\"><\/span><div class=\"wp-block-cover__inner-container is-layout-constrained wp-block-cover-is-layout-constrained\">\n<p class=\"has-text-align-center has-large-font-size\"><a href=\"https:\/\/sandrawiniger.ch\/?page_id=298\" data-type=\"page\" data-id=\"298\">Events<\/a><\/p>\n<\/div><\/div>\n<\/div>\n\n\n\n<div class=\"wp-block-column is-layout-flow wp-block-column-is-layout-flow\">\n<div class=\"wp-block-cover is-light\"><img decoding=\"async\" width=\"2048\" height=\"1365\" class=\"wp-block-cover__image-background wp-image-130\" alt=\"\" src=\"https:\/\/sandrawiniger.ch\/wp-content\/uploads\/2024\/11\/1_20210131_Struktur_3I2A8670.jpg\" data-object-fit=\"cover\" srcset=\"https:\/\/sandrawiniger.ch\/wp-content\/uploads\/2024\/11\/1_20210131_Struktur_3I2A8670.jpg 2048w, https:\/\/sandrawiniger.ch\/wp-content\/uploads\/2024\/11\/1_20210131_Struktur_3I2A8670-300x200.jpg 300w, https:\/\/sandrawiniger.ch\/wp-content\/uploads\/2024\/11\/1_20210131_Struktur_3I2A8670-1024x683.jpg 1024w, https:\/\/sandrawiniger.ch\/wp-content\/uploads\/2024\/11\/1_20210131_Struktur_3I2A8670-768x512.jpg 768w, https:\/\/sandrawiniger.ch\/wp-content\/uploads\/2024\/11\/1_20210131_Struktur_3I2A8670-1536x1024.jpg 1536w, https:\/\/sandrawiniger.ch\/wp-content\/uploads\/2024\/11\/1_20210131_Struktur_3I2A8670-1400x933.jpg 1400w, https:\/\/sandrawiniger.ch\/wp-content\/uploads\/2024\/11\/1_20210131_Struktur_3I2A8670-800x533.jpg 800w\" sizes=\"(max-width: 2048px) 100vw, 2048px\" \/><span aria-hidden=\"true\" class=\"wp-block-cover__background has-background-dim\" style=\"background-color:#57c7d5\"><\/span><div class=\"wp-block-cover__inner-container is-layout-constrained wp-block-cover-is-layout-constrained\">\n<p class=\"has-text-align-center has-large-font-size\"><a href=\"https:\/\/sandrawiniger.ch\/?page_id=120\" data-type=\"page\" data-id=\"120\">Experimente<\/a><\/p>\n\n\n\n<p><\/p>\n<\/div><\/div>\n<\/div>\n<\/div>\n\n\n\n<div class=\"wp-block-columns is-layout-flex wp-container-core-columns-is-layout-9d6595d7 wp-block-columns-is-layout-flex\">\n<div class=\"wp-block-column is-layout-flow wp-block-column-is-layout-flow\"><\/div>\n\n\n\n<div class=\"wp-block-column is-layout-flow wp-block-column-is-layout-flow\"><\/div>\n\n\n\n<div class=\"wp-block-column is-layout-flow wp-block-column-is-layout-flow\"><\/div>\n<\/div>\n\n\n\n<div class=\"wp-block-columns is-layout-flex wp-container-core-columns-is-layout-9d6595d7 wp-block-columns-is-layout-flex\">\n<div class=\"wp-block-column is-layout-flow wp-block-column-is-layout-flow\">\n<h2 class=\"wp-block-heading\"><\/h2>\n<\/div>\n\n\n\n<div class=\"wp-block-column is-layout-flow wp-block-column-is-layout-flow\"><\/div>\n\n\n\n<div class=\"wp-block-column is-layout-flow wp-block-column-is-layout-flow\"><\/div>\n<\/div>\n\n\n\n<p><\/p>\n","protected":false},"excerpt":{"rendered":"<p>Portfolio Die Fotografie ist vielf\u00e4ltig. Meine Interessen daran ebenfalls. Aber am meisten interessieren mich Menschen und ihre Geschichten. Deshalb liebe ich die Portraitfotografie so sehr. F\u00fcr Shootings steht ein \u00fcber 100qm grosses Fotostudio in Rapperswil zur Verf\u00fcgung und in meinem Auto ist immer ein mobiles Studioequipment f\u00fcr Shootings \u00abon location\u00bb dabei, so dass auch draussen oder bei dir zu Hause professionelle Headshots entstehen k\u00f6nnen. Ruf mich an oder schreibe mir per Whatsapp, damit wir deine Bildidee besprechen und dann nach [&hellip;]<\/p>\n","protected":false},"author":1,"featured_media":203,"parent":0,"menu_order":20,"comment_status":"closed","ping_status":"closed","template":"","meta":{"footnotes":""},"class_list":["post-28","page","type-page","status-publish","has-post-thumbnail","hentry"],"_links":{"self":[{"href":"https:\/\/sandrawiniger.ch\/index.php?rest_route=\/wp\/v2\/pages\/28","targetHints":{"allow":["GET"]}}],"collection":[{"href":"https:\/\/sandrawiniger.ch\/index.php?rest_route=\/wp\/v2\/pages"}],"about":[{"href":"https:\/\/sandrawiniger.ch\/index.php?rest_route=\/wp\/v2\/types\/page"}],"author":[{"embeddable":true,"href":"https:\/\/sandrawiniger.ch\/index.php?rest_route=\/wp\/v2\/users\/1"}],"replies":[{"embeddable":true,"href":"https:\/\/sandrawiniger.ch\/index.php?rest_route=%2Fwp%2Fv2%2Fcomments&post=28"}],"version-history":[{"count":28,"href":"https:\/\/sandrawiniger.ch\/index.php?rest_route=\/wp\/v2\/pages\/28\/revisions"}],"predecessor-version":[{"id":333,"href":"https:\/\/sandrawiniger.ch\/index.php?rest_route=\/wp\/v2\/pages\/28\/revisions\/333"}],"wp:featuredmedia":[{"embeddable":true,"href":"https:\/\/sandrawiniger.ch\/index.php?rest_route=\/wp\/v2\/media\/203"}],"wp:attachment":[{"href":"https:\/\/sandrawiniger.ch\/index.php?rest_route=%2Fwp%2Fv2%2Fmedia&parent=28"}],"curies":[{"name":"wp","href":"https:\/\/api.w.org\/{rel}","templated":true}]}}