{"id":2,"date":"2016-05-10T03:48:21","date_gmt":"2016-05-10T03:48:21","guid":{"rendered":"https:\/\/sandrawiniger.ch\/?page_id=2"},"modified":"2025-04-17T07:35:40","modified_gmt":"2025-04-17T07:35:40","slug":"sample-page","status":"publish","type":"page","link":"https:\/\/sandrawiniger.ch\/","title":{"rendered":"Herzlich willkommen"},"content":{"rendered":"\n<div class=\"wp-block-cover alignfull is-light\" style=\"min-height:858px;aspect-ratio:unset;\"><span aria-hidden=\"true\" class=\"wp-block-cover__background has-background-dim\" style=\"background-color:#dbd9d8\"><\/span><img fetchpriority=\"high\" decoding=\"async\" width=\"2048\" height=\"1152\" class=\"wp-block-cover__image-background wp-image-11\" alt=\"Strandspaziergang\" src=\"https:\/\/sandrawiniger.ch\/wp-content\/uploads\/2024\/11\/Strandspaziergang.jpg\" data-object-fit=\"cover\" srcset=\"https:\/\/sandrawiniger.ch\/wp-content\/uploads\/2024\/11\/Strandspaziergang.jpg 2048w, https:\/\/sandrawiniger.ch\/wp-content\/uploads\/2024\/11\/Strandspaziergang-300x169.jpg 300w, https:\/\/sandrawiniger.ch\/wp-content\/uploads\/2024\/11\/Strandspaziergang-1024x576.jpg 1024w, https:\/\/sandrawiniger.ch\/wp-content\/uploads\/2024\/11\/Strandspaziergang-768x432.jpg 768w, https:\/\/sandrawiniger.ch\/wp-content\/uploads\/2024\/11\/Strandspaziergang-1536x864.jpg 1536w, https:\/\/sandrawiniger.ch\/wp-content\/uploads\/2024\/11\/Strandspaziergang-1400x788.jpg 1400w, https:\/\/sandrawiniger.ch\/wp-content\/uploads\/2024\/11\/Strandspaziergang-800x450.jpg 800w\" sizes=\"(max-width: 2048px) 100vw, 2048px\" \/><div class=\"wp-block-cover__inner-container is-layout-constrained wp-block-cover-is-layout-constrained\">\n<p class=\"has-text-align-center has-large-font-size\">Sch\u00f6n, dass du da bist.<\/p>\n<\/div><\/div>\n\n\n\n<div style=\"height:100px\" aria-hidden=\"true\" class=\"wp-block-spacer\"><\/div>\n\n\n\n<h2 class=\"wp-block-heading\">Zu meinen Blogbeitr\u00e4gen&#8230;<\/h2>\n\n\n<ul class=\"wp-block-latest-posts__list has-dates wp-block-latest-posts\"><li><div class=\"wp-block-latest-posts__featured-image\"><img decoding=\"async\" width=\"150\" height=\"150\" src=\"https:\/\/sandrawiniger.ch\/wp-content\/uploads\/2024\/11\/241011_Selbstportrait_Spuren_02-150x150.jpg\" class=\"attachment-thumbnail size-thumbnail wp-post-image\" alt=\"\" style=\"\" srcset=\"https:\/\/sandrawiniger.ch\/wp-content\/uploads\/2024\/11\/241011_Selbstportrait_Spuren_02-150x150.jpg 150w, https:\/\/sandrawiniger.ch\/wp-content\/uploads\/2024\/11\/241011_Selbstportrait_Spuren_02-770x770.jpg 770w, https:\/\/sandrawiniger.ch\/wp-content\/uploads\/2024\/11\/241011_Selbstportrait_Spuren_02-160x160.jpg 160w\" sizes=\"(max-width: 150px) 100vw, 150px\" \/><\/div><a class=\"wp-block-latest-posts__post-title\" href=\"https:\/\/sandrawiniger.ch\/?p=253\">Ausstellung<\/a><time datetime=\"2024-10-25T03:56:18+00:00\" class=\"wp-block-latest-posts__post-date\">Oktober 25, 2024<\/time><div class=\"wp-block-latest-posts__post-excerpt\">Im Rahmen der Jubil\u00e4ums-Ausstellung des Fotoclubs Rapperswil-Jona darf ich meine neuesten Arbeiten pr\u00e4sentieren.&nbsp; In diesem Projekt geht es mir darum, die Spuren des Lebens aufzuzeigen. Weil ich das, was ich vorhatte, keinem Portrait\u2026\u00a0<a class=\"wp-block-latest-posts__read-more\" href=\"https:\/\/sandrawiniger.ch\/?p=253\" rel=\"noopener noreferrer\"><span class=\"screen-reader-text\">Ausstellung <\/span>weiterlesen<\/a><\/div><\/li>\n<li><div class=\"wp-block-latest-posts__featured-image\"><img decoding=\"async\" width=\"150\" height=\"150\" src=\"https:\/\/sandrawiniger.ch\/wp-content\/uploads\/2024\/11\/512a0d_1d4a0f86e5b8489aa037e31ff632009bmv2-150x150.jpg\" class=\"attachment-thumbnail size-thumbnail wp-post-image\" alt=\"\" style=\"\" srcset=\"https:\/\/sandrawiniger.ch\/wp-content\/uploads\/2024\/11\/512a0d_1d4a0f86e5b8489aa037e31ff632009bmv2-150x150.jpg 150w, https:\/\/sandrawiniger.ch\/wp-content\/uploads\/2024\/11\/512a0d_1d4a0f86e5b8489aa037e31ff632009bmv2-160x160.jpg 160w\" sizes=\"(max-width: 150px) 100vw, 150px\" \/><\/div><a class=\"wp-block-latest-posts__post-title\" href=\"https:\/\/sandrawiniger.ch\/?p=142\">&#8230;zwei bis drei an einem Stiel<\/a><time datetime=\"2024-06-29T03:26:56+00:00\" class=\"wp-block-latest-posts__post-date\">Juni 29, 2024<\/time><div class=\"wp-block-latest-posts__post-excerpt\">Die Zuger Kirschensaison wurde am vergangenen Montag mit dem \u00abChriesisturm\u00bb feierlich er\u00f6ffnet. Noch nie hatte ich von diesem beinahe 400 Jahre altem Brauch geh\u00f6rt und bin per Zufall darauf gestossen. Er war im\u2026\u00a0<a class=\"wp-block-latest-posts__read-more\" href=\"https:\/\/sandrawiniger.ch\/?p=142\" rel=\"noopener noreferrer\"><span class=\"screen-reader-text\">&#8230;zwei bis drei an einem Stiel <\/span>weiterlesen<\/a><\/div><\/li>\n<li><div class=\"wp-block-latest-posts__featured-image\"><img loading=\"lazy\" decoding=\"async\" width=\"150\" height=\"150\" src=\"https:\/\/sandrawiniger.ch\/wp-content\/uploads\/2024\/11\/512a0d_742973f30d9945cc87fe40e4c9574e50mv2-150x150.png\" class=\"attachment-thumbnail size-thumbnail wp-post-image\" alt=\"\" style=\"\" srcset=\"https:\/\/sandrawiniger.ch\/wp-content\/uploads\/2024\/11\/512a0d_742973f30d9945cc87fe40e4c9574e50mv2-150x150.png 150w, https:\/\/sandrawiniger.ch\/wp-content\/uploads\/2024\/11\/512a0d_742973f30d9945cc87fe40e4c9574e50mv2-770x770.png 770w, https:\/\/sandrawiniger.ch\/wp-content\/uploads\/2024\/11\/512a0d_742973f30d9945cc87fe40e4c9574e50mv2-160x160.png 160w\" sizes=\"(max-width: 150px) 100vw, 150px\" \/><\/div><a class=\"wp-block-latest-posts__post-title\" href=\"https:\/\/sandrawiniger.ch\/?p=246\">Von W\u00fcnschen, Neubeginn und anderen Tr\u00e4umen &#8211; \u00fcber das grosse Gl\u00fcck und die Liebe<\/a><time datetime=\"2024-01-10T03:51:07+00:00\" class=\"wp-block-latest-posts__post-date\">Januar 10, 2024<\/time><div class=\"wp-block-latest-posts__post-excerpt\">m Verlauf des letzten Jahres habe ich zum ersten Mal von Rauhn\u00e4chten geh\u00f6rt, dann viel dar\u00fcber gelesen, mich mit weisen Frauen dar\u00fcber unterhalten und f\u00fcr mich eine Form gefunden, diese besinnliche Zeit zu\u2026\u00a0<a class=\"wp-block-latest-posts__read-more\" href=\"https:\/\/sandrawiniger.ch\/?p=246\" rel=\"noopener noreferrer\"><span class=\"screen-reader-text\">Von W\u00fcnschen, Neubeginn und anderen Tr\u00e4umen &#8211; \u00fcber das grosse Gl\u00fcck und die Liebe <\/span>weiterlesen<\/a><\/div><\/li>\n<li><a class=\"wp-block-latest-posts__post-title\" href=\"https:\/\/sandrawiniger.ch\/?p=241\">Ein gutes, neues Jahr<\/a><time datetime=\"2024-01-01T03:48:46+00:00\" class=\"wp-block-latest-posts__post-date\">Januar 1, 2024<\/time><div class=\"wp-block-latest-posts__post-excerpt\">Vom Zur\u00fcckblicken, pers\u00f6nlichen Einblicken und Hoffnung \u2013 einem Herzenswunsch und meinem st\u00f6rrischen Glauben an das Gute im Menschen Ja, das 2024 soll f\u00fcr alle ein Gutes werden. Wenn ich so auf das vergangene\u2026\u00a0<a class=\"wp-block-latest-posts__read-more\" href=\"https:\/\/sandrawiniger.ch\/?p=241\" rel=\"noopener noreferrer\"><span class=\"screen-reader-text\">Ein gutes, neues Jahr <\/span>weiterlesen<\/a><\/div><\/li>\n<li><a class=\"wp-block-latest-posts__post-title\" href=\"https:\/\/sandrawiniger.ch\/?p=238\">Gespr\u00e4ch mit Gott<\/a><time datetime=\"2023-12-19T03:47:10+00:00\" class=\"wp-block-latest-posts__post-date\">Dezember 19, 2023<\/time><div class=\"wp-block-latest-posts__post-excerpt\">\u00abLieber Gott\u00bb Hm? \u00abOh, du bist da?\u00bb Ja \u2013 ich weiss immer \u2013 wann und wo ich gebraucht werde. Du kannst dich darauf verlassen. Und heute bin ich bei dir. \u00abIch brauche deine\u2026\u00a0<a class=\"wp-block-latest-posts__read-more\" href=\"https:\/\/sandrawiniger.ch\/?p=238\" rel=\"noopener noreferrer\"><span class=\"screen-reader-text\">Gespr\u00e4ch mit Gott <\/span>weiterlesen<\/a><\/div><\/li>\n<\/ul>","protected":false},"excerpt":{"rendered":"<p>Zu meinen Blogbeitr\u00e4gen&#8230;<\/p>\n","protected":false},"author":1,"featured_media":244,"parent":0,"menu_order":10,"comment_status":"closed","ping_status":"closed","template":"","meta":{"footnotes":""},"class_list":["post-2","page","type-page","status-publish","has-post-thumbnail","hentry"],"_links":{"self":[{"href":"https:\/\/sandrawiniger.ch\/index.php?rest_route=\/wp\/v2\/pages\/2","targetHints":{"allow":["GET"]}}],"collection":[{"href":"https:\/\/sandrawiniger.ch\/index.php?rest_route=\/wp\/v2\/pages"}],"about":[{"href":"https:\/\/sandrawiniger.ch\/index.php?rest_route=\/wp\/v2\/types\/page"}],"author":[{"embeddable":true,"href":"https:\/\/sandrawiniger.ch\/index.php?rest_route=\/wp\/v2\/users\/1"}],"replies":[{"embeddable":true,"href":"https:\/\/sandrawiniger.ch\/index.php?rest_route=%2Fwp%2Fv2%2Fcomments&post=2"}],"version-history":[{"count":21,"href":"https:\/\/sandrawiniger.ch\/index.php?rest_route=\/wp\/v2\/pages\/2\/revisions"}],"predecessor-version":[{"id":297,"href":"https:\/\/sandrawiniger.ch\/index.php?rest_route=\/wp\/v2\/pages\/2\/revisions\/297"}],"wp:featuredmedia":[{"embeddable":true,"href":"https:\/\/sandrawiniger.ch\/index.php?rest_route=\/wp\/v2\/media\/244"}],"wp:attachment":[{"href":"https:\/\/sandrawiniger.ch\/index.php?rest_route=%2Fwp%2Fv2%2Fmedia&parent=2"}],"curies":[{"name":"wp","href":"https:\/\/api.w.org\/{rel}","templated":true}]}}