{"id":117,"date":"2024-11-14T14:42:13","date_gmt":"2024-11-14T14:42:13","guid":{"rendered":"https:\/\/sandrawiniger.ch\/?page_id=117"},"modified":"2025-05-29T06:42:23","modified_gmt":"2025-05-29T06:42:23","slug":"ueber-mich","status":"publish","type":"page","link":"https:\/\/sandrawiniger.ch\/?page_id=117","title":{"rendered":"\u00dcber mich"},"content":{"rendered":"\n<h3 class=\"wp-block-heading\">\u00abMich interessiert das Wesen eines Menschen, sein Ausdruck, sein wahres Gesicht. Das will ich festhalten und zeigen, mit all seinen Schattierungen.\u00bb<\/h3>\n\n\n<div class=\"wp-block-image\">\n<figure class=\"aligncenter size-full is-resized\"><img fetchpriority=\"high\" decoding=\"async\" width=\"621\" height=\"621\" src=\"https:\/\/sandrawiniger.ch\/wp-content\/uploads\/2025\/05\/250505_SW-2.jpg\" alt=\"\" class=\"wp-image-335\" style=\"width:301px;height:auto\" srcset=\"https:\/\/sandrawiniger.ch\/wp-content\/uploads\/2025\/05\/250505_SW-2.jpg 621w, https:\/\/sandrawiniger.ch\/wp-content\/uploads\/2025\/05\/250505_SW-2-300x300.jpg 300w, https:\/\/sandrawiniger.ch\/wp-content\/uploads\/2025\/05\/250505_SW-2-150x150.jpg 150w, https:\/\/sandrawiniger.ch\/wp-content\/uploads\/2025\/05\/250505_SW-2-160x160.jpg 160w\" sizes=\"(max-width: 621px) 100vw, 621px\" \/><\/figure><\/div>\n\n\n<h4 class=\"wp-block-heading\">Werdegang<\/h4>\n\n\n\n<p>Aufgewachsen in einem Elternhaus voller Liebe, Musik und Kunst durfte ich schon als Knirps eine kleine Kamera mein Eigen nennen. Die Begeisterung f\u00fcr das&nbsp; eingeschr\u00e4nkte Blickfeld, wenn man durchs Objektiv sieht, hat mich seit damals immer begleitet. Die ersten Filme und Abz\u00fcge habe ich in der Dunkelkammer des Jugendtreffpunkt entwickelt. Wenn ich daran denke, kann ich die Chemikalien immer noch riechen.<\/p>\n\n\n\n<p>Irgendwann kam dann der Umstieg auf die digitale Fotografie und deren Entwicklung am Computer. Seither arbeite ich auch als freie Fotografin im Nebenerwerb und liebe es, Menschen in ein spannendes Licht zu r\u00fccken oder interessante Anl\u00e4sse in Bilder festzuhalten.&nbsp;<\/p>\n\n\n\n<h4 class=\"wp-block-heading\">Ausstellungen<\/h4>\n\n\n\n<p><a href=\"https:\/\/www.fotoclub-rapperswil-jona.ch\/\" data-type=\"link\" data-id=\"https:\/\/www.fotoclub-rapperswil-jona.ch\/\">2024 Jubil\u00e4umsausstellung<\/a> Fotoclub Rapperswil Jona<br><a href=\"https:\/\/www.art-ufnau.ch\/artists\/\" target=\"_blank\" rel=\"noreferrer noopener\">2023 Art Ufenau,<\/a>&nbsp;Insel Ufenau Z\u00fcrichsee<br><a href=\"https:\/\/www.photo-schweiz.ch\/aussteller\/p\/sandra-winiger?rq=winiger\" target=\"_blank\" rel=\"noreferrer noopener\">2023&nbsp; Photo Schweiz , Z\u00fcrich<\/a><\/p>\n\n\n\n<h4 class=\"wp-block-heading\">Publikationen<\/h4>\n\n\n\n<p>Gesch\u00e4ftsbericht Kantonsrat Z\u00fcrich<br>Grosselternmagazin<br>Gewerbezeitung Limmattal<br>Gewerbezeitung W\u00e4denswil<br>Mehrsicht Martin Stiftung Erlebnbach<\/p>\n\n\n\n<h4 class=\"wp-block-heading\">Referenzen<\/h4>\n\n\n\n<p><\/p>\n\n\n\n<p><\/p>\n\n\n\n<p><a href=\"http:\/\/www.martinstiftung.ch\">www.martinstiftung.ch<\/a><br><a href=\"https:\/\/schreif.ch\/\" target=\"_blank\" rel=\"noreferrer noopener\">www.schreif.ch<\/a><br><a href=\"https:\/\/www.humanitashorgen.ch\/\" target=\"_blank\" rel=\"noreferrer noopener\">www.humanitashorgen.ch<\/a><br><a href=\"https:\/\/werkatelier-stiftungbalm.ch\/\" target=\"_blank\" rel=\"noreferrer noopener\">www.werkatelier-stiftungbalm.ch<\/a><\/p>\n\n\n\n<p>Wahlkampagnen diverser Politiker<br>Portraits und Live Events von Musikern: Hene Wirz, Josephine Singer, Yvette Kolb, Marla Glen<br>Gabrielle Raefle, Barbara Kurtli Kleiner uvm.<\/p>\n\n\n\n<h4 class=\"wp-block-heading\">Charity<\/h4>\n\n\n\n<p>Help Portrait Basel&nbsp;<a href=\"https:\/\/www.youtube.com\/watch?v=L-uzySjDaFM\" target=\"_blank\" rel=\"noreferrer noopener\">Youtube<\/a><br>Stiftung Theodora &#8211; Nacht des Lachens<\/p>\n\n\n\n<h4 class=\"wp-block-heading\">Fun Facts<\/h4>\n\n\n\n<p>Fun Fact Nr. 1:<br>Ich bin altmodisch und schreibe gerne l\u00e4ngere Texte auf grosse Fl\u00e4chen. Oft per Hand auf richtigem Papier.&nbsp;<\/p>\n\n\n\n<p>Fun Fact Nr. 2:<br>Ich bin Fr\u00fchaufsteherin. Die Zeit zwischen 04.00 und 06.00 Uhr ist mir heilig. Das sind meine zwei Stunden, in denen ich gem\u00fctlich Kaffee trinken, dem Tag beim Erwachen zusehen und denken kann. Ohne Ablenkung. Manchmal denke ich auch an gar nichts, bin einfach &#8211; atme ein, atme aus. Ein anderes Mal bin ich bereits am tun, am Schreiben, am Erledigen oder mit der Kamera unterwegs. Das sind meine zwei Stunden in denen ich nichts muss, nur darf. Und wenn ich will, kann ich mich auch einfach umdrehen und zwei Stunden weiterschlafen.&nbsp;<\/p>\n\n\n\n<p>Fun Fact Nr. 3:<br>Meine Grossmutter hat mal zu mir gesagt: \u00abSandra, mach langsam, dann geht es schneller.\u00bb Dieser Satz ist mir in Erinnerung geblieben und den beherzige ich, je \u00e4lter ich werde, immer mehr. Erst mit der Langsamkeit kann man Wunder und Sch\u00f6nheiten entdecken, Fl\u00fcchtigkeitsfehler und Missgeschicke werden vermieden und Gedanken bekommen Raum.&nbsp;<\/p>\n","protected":false},"excerpt":{"rendered":"<p>\u00abMich interessiert das Wesen eines Menschen, sein Ausdruck, sein wahres Gesicht. Das will ich festhalten und zeigen, mit all seinen Schattierungen.\u00bb Werdegang Aufgewachsen in einem Elternhaus voller Liebe, Musik und Kunst durfte ich schon als Knirps eine kleine Kamera mein Eigen nennen. Die Begeisterung f\u00fcr das&nbsp; eingeschr\u00e4nkte Blickfeld, wenn man durchs Objektiv sieht, hat mich seit damals immer begleitet. Die ersten Filme und Abz\u00fcge habe ich in der Dunkelkammer des Jugendtreffpunkt entwickelt. Wenn ich daran denke, kann ich die Chemikalien [&hellip;]<\/p>\n","protected":false},"author":1,"featured_media":0,"parent":0,"menu_order":50,"comment_status":"closed","ping_status":"closed","template":"","meta":{"footnotes":""},"class_list":["post-117","page","type-page","status-publish","hentry"],"_links":{"self":[{"href":"https:\/\/sandrawiniger.ch\/index.php?rest_route=\/wp\/v2\/pages\/117","targetHints":{"allow":["GET"]}}],"collection":[{"href":"https:\/\/sandrawiniger.ch\/index.php?rest_route=\/wp\/v2\/pages"}],"about":[{"href":"https:\/\/sandrawiniger.ch\/index.php?rest_route=\/wp\/v2\/types\/page"}],"author":[{"embeddable":true,"href":"https:\/\/sandrawiniger.ch\/index.php?rest_route=\/wp\/v2\/users\/1"}],"replies":[{"embeddable":true,"href":"https:\/\/sandrawiniger.ch\/index.php?rest_route=%2Fwp%2Fv2%2Fcomments&post=117"}],"version-history":[{"count":9,"href":"https:\/\/sandrawiniger.ch\/index.php?rest_route=\/wp\/v2\/pages\/117\/revisions"}],"predecessor-version":[{"id":338,"href":"https:\/\/sandrawiniger.ch\/index.php?rest_route=\/wp\/v2\/pages\/117\/revisions\/338"}],"wp:attachment":[{"href":"https:\/\/sandrawiniger.ch\/index.php?rest_route=%2Fwp%2Fv2%2Fmedia&parent=117"}],"curies":[{"name":"wp","href":"https:\/\/api.w.org\/{rel}","templated":true}]}}